{"id":1208,"date":"2021-10-14T19:50:42","date_gmt":"2021-10-14T23:50:42","guid":{"rendered":"http:\/\/rainbowit.net\/themes\/imroz\/?page_id=1208"},"modified":"2023-05-03T08:35:48","modified_gmt":"2023-05-03T12:35:48","slug":"services","status":"publish","type":"page","link":"https:\/\/inoxquebec.com\/en\/services\/","title":{"rendered":"Services"},"content":{"rendered":"<div data-elementor-type=\"wp-page\" data-elementor-id=\"1208\" class=\"elementor elementor-1208\">\n\t\t\t\t\t\t<section class=\"elementor-section elementor-top-section elementor-element elementor-element-d9c153c elementor-section-full_width bg_color--5 elementor-section-height-default elementor-section-height-default wpr-particle-no wpr-jarallax-no wpr-parallax-no wpr-sticky-section-no\" data-id=\"d9c153c\" data-element_type=\"section\" data-e-type=\"section\">\n\t\t\t\t\t\t<div class=\"elementor-container elementor-column-gap-no\">\n\t\t\t\t\t<div class=\"elementor-column elementor-col-100 elementor-top-column elementor-element elementor-element-78b03a3\" data-id=\"78b03a3\" data-element_type=\"column\" data-e-type=\"column\">\n\t\t\t<div class=\"elementor-widget-wrap elementor-element-populated\">\n\t\t\t\t\t\t<div class=\"elementor-element elementor-element-be0a55e elementor-widget elementor-widget-imroz-main-services\" data-id=\"be0a55e\" data-element_type=\"widget\" data-e-type=\"widget\" data-widget_type=\"imroz-main-services.default\">\n\t\t\t\t<div class=\"elementor-widget-container\">\n\t\t\t\t\t        <!-- Start Service Area  -->\n        <div class=\"rn-service-area rn-section-gap\">\n            <div class=\"container\">\n                                    <div class=\"row\">\n                        <div class=\"col-lg-12 mb--20 mb_sm--0\">\n                            <div class=\"section-title section-title--2 text-left\">\n                                                        <h2 class=\"title rbt-section-title\"><span>Overview of our services<\/span><\/h2>                    \n                                                            <\/div>\n                        <\/div>\n                    <\/div>\n                                                    <div class=\"row service-main-wrapper\">\n                                                    <div class=\"service-item mt--30 col-lg-3 col-md-6 col-sm-6 col-12 elementor-repeater-item-839c02e\">\n                                                                <div class=\"single-service\">\n                                                                            <a href=\"https:\/\/inoxquebec.com\/en\/portfolio\/mobiliers\/\"  >\n                                                                            <div class=\"service service__style--2 text-left\">\n                                                                                                <div class=\"icon\">\n                                                        <img decoding=\"async\" src=\"https:\/\/inoxquebec.com\/wp-content\/uploads\/2023\/04\/mobilier3Rescaled.jpg\" title=\"mobilier3Rescaled\" alt=\"mobilier3Rescaled\" loading=\"lazy\" \/>                                                    <\/div>\n                                                                                                                                                                                        <div class=\"content\">\n                                                                                                            <h3 class=\"title\">Stainless Steel Furniture<\/h3>                                                                                                                                                                <p>Made to measure quality manufacturing of laboratory work spaces designed according to your specifications and required standards.<\/p>\n                                                                                                    <\/div>\n                                                                                    <\/div>\n                                     <\/a>                                 <\/div>\n                            <\/div>\n                                                    <div class=\"service-item mt--30 col-lg-3 col-md-6 col-sm-6 col-12 elementor-repeater-item-c857938\">\n                                                                <div class=\"single-service\">\n                                                                            <a href=\"https:\/\/inoxquebec.com\/en\/portfolio\/gardes_corps\/\"  >\n                                                                            <div class=\"service service__style--2 text-left\">\n                                                                                                <div class=\"icon\">\n                                                        <img decoding=\"async\" src=\"https:\/\/inoxquebec.com\/wp-content\/uploads\/2023\/04\/IMG_6431-scaled.jpg\" title=\"IMG_6431\" alt=\"IMG_6431\" loading=\"lazy\" \/>                                                    <\/div>\n                                                                                                                                                                                        <div class=\"content\">\n                                                                                                            <h3 class=\"title\">Railings and hand rails<\/h3>                                                                                                                                                                <p>Dreaming of handrails or stair rails made of stainless steel for a clean and modern design? <\/p>\n                                                                                                    <\/div>\n                                                                                    <\/div>\n                                     <\/a>                                 <\/div>\n                            <\/div>\n                                                    <div class=\"service-item mt--30 col-lg-3 col-md-6 col-sm-6 col-12 elementor-repeater-item-4ed55fb\">\n                                                                <div class=\"single-service\">\n                                                                            <a href=\"https:\/\/inoxquebec.com\/en\/portfolio\/comptoirs_eviers\/\"  >\n                                                                            <div class=\"service service__style--2 text-left\">\n                                                                                                <div class=\"icon\">\n                                                        <img decoding=\"async\" src=\"https:\/\/inoxquebec.com\/wp-content\/uploads\/2023\/04\/IMG_3691-scaled.jpg\" title=\"IMG_3691\" alt=\"IMG_3691\" loading=\"lazy\" \/>                                                    <\/div>\n                                                                                                                                                                                        <div class=\"content\">\n                                                                                                            <h3 class=\"title\">Counters and sinks<\/h3>                                                                                                                                                                <p>Whether it be for your residential or commercial needs, we build your custom stainless steel counter regardless of the complexity of the design. <\/p>\n                                                                                                    <\/div>\n                                                                                    <\/div>\n                                     <\/a>                                 <\/div>\n                            <\/div>\n                                                    <div class=\"service-item mt--30 col-lg-3 col-md-6 col-sm-6 col-12 elementor-repeater-item-cede560\">\n                                                                <div class=\"single-service\">\n                                                                            <a href=\"https:\/\/inoxquebec.com\/en\/portfolio\/coffres\/\"  >\n                                                                            <div class=\"service service__style--2 text-left\">\n                                                                                                <div class=\"icon\">\n                                                        <img decoding=\"async\" src=\"https:\/\/inoxquebec.com\/wp-content\/uploads\/2021\/09\/IMG_3926-scaled.jpg\" title=\"IMG_3926\" alt=\"IMG_3926\" loading=\"lazy\" \/>                                                    <\/div>\n                                                                                                                                                                                        <div class=\"content\">\n                                                                                                            <h3 class=\"title\">Tool boxes and crates<\/h3>                                                                                                                                                                <p>We offer to custom build tool boxes and crates made from stainless steel or aluminium for your truck or your garage.<\/p>\n                                                                                                    <\/div>\n                                                                                    <\/div>\n                                     <\/a>                                 <\/div>\n                            <\/div>\n                                                    <div class=\"service-item mt--30 col-lg-3 col-md-6 col-sm-6 col-12 elementor-repeater-item-706def4\">\n                                                                <div class=\"single-service\">\n                                                                            <a href=\"https:\/\/inoxquebec.com\/en\/portfolio\/sur_mesure\/\"  >\n                                                                            <div class=\"service service__style--2 text-left\">\n                                                                                                <div class=\"icon\">\n                                                        <img decoding=\"async\" src=\"https:\/\/inoxquebec.com\/wp-content\/uploads\/2023\/05\/IMG_1159.jpg\" title=\"IMG_1159\" alt=\"IMG_1159\" loading=\"lazy\" \/>                                                    <\/div>\n                                                                                                                                                                                        <div class=\"content\">\n                                                                                                            <h3 class=\"title\">Custom-built<\/h3>                                                                                                                                                                <p>Whether your stainless steel project is big or small, Inox Qu\u00e9bec Inc can custom build them all!<\/p>\n                                                                                                    <\/div>\n                                                                                    <\/div>\n                                     <\/a>                                 <\/div>\n                            <\/div>\n                                                    <div class=\"service-item mt--30 col-lg-3 col-md-6 col-sm-6 col-12 elementor-repeater-item-19fdbf6\">\n                                                                <div class=\"single-service\">\n                                                                            <a href=\"https:\/\/inoxquebec.com\/en\/portfolio\/soudure_pliage\/\"  >\n                                                                            <div class=\"service service__style--2 text-left\">\n                                                                                                <div class=\"icon\">\n                                                        <img decoding=\"async\" src=\"https:\/\/inoxquebec.com\/wp-content\/uploads\/2023\/04\/IMG_2559-scaled.jpg\" title=\"IMG_2559\" alt=\"IMG_2559\" loading=\"lazy\" \/>                                                    <\/div>\n                                                                                                                                                                                        <div class=\"content\">\n                                                                                                            <h3 class=\"title\">Welding and folding services<\/h3>                                                                                                                                                                <p>Shaped metals, design, fabrication and installation of stainless steel or aluminium pieces.<\/p>\n                                                                                                    <\/div>\n                                                                                    <\/div>\n                                     <\/a>                                 <\/div>\n                            <\/div>\n                                                    <div class=\"service-item mt--30 col-lg-3 col-md-6 col-sm-6 col-12 elementor-repeater-item-42d1fd6\">\n                                                                <div class=\"single-service\">\n                                                                            <a href=\"https:\/\/inoxquebec.com\/en\/portfolio\/panneaux_muraux\/\"  >\n                                                                            <div class=\"service service__style--2 text-left\">\n                                                                                                <div class=\"icon\">\n                                                        <img decoding=\"async\" src=\"https:\/\/inoxquebec.com\/wp-content\/uploads\/2023\/04\/Panneaux1Rescaled.jpg\" title=\"Panneaux1Rescaled\" alt=\"Panneaux1Rescaled\" loading=\"lazy\" \/>                                                    <\/div>\n                                                                                                                                                                                        <div class=\"content\">\n                                                                                                            <h3 class=\"title\">Wall paneling<\/h3>                                                                                                                                                                <p>We install stainless steel wall panels in the following service sectors: restaurant industry, laboratories, hospitality and more.<\/p>\n                                                                                                    <\/div>\n                                                                                    <\/div>\n                                     <\/a>                                 <\/div>\n                            <\/div>\n                                            <\/div>\n                            <\/div>\n        <\/div>\n        <!-- Start Service Area  -->\n        \t\t\t\t<\/div>\n\t\t\t\t<\/div>\n\t\t\t\t\t<\/div>\n\t\t<\/div>\n\t\t\t\t\t<\/div>\n\t\t<\/section>\n\t\t\t\t<\/div>","protected":false},"excerpt":{"rendered":"<p>Ensemble de nos offres de services Mobiliers Fabrication de qualit\u00e9 et sur mesure, en acier inoxydable, selon les sp\u00e9cifications requises et les normes exig\u00e9es. Gardes-corps et mains courantes Vous r\u00eavez d\u2019une rampe d\u2019escalier en acier inoxydable ou une main courante? Comptoirs et \u00e9viers Fabrication sur mesure de comptoirs en acier inoxydable, autant dans le r\u00e9sidentiel [&hellip;]<\/p>\n","protected":false},"author":1,"featured_media":3797,"parent":0,"menu_order":0,"comment_status":"closed","ping_status":"closed","template":"elementor_header_footer","meta":{"footnotes":""},"class_list":["post-1208","page","type-page","status-publish","has-post-thumbnail","hentry"],"acf":[],"yoast_head":"<!-- This site is optimized with the Yoast SEO plugin v27.4 - https:\/\/yoast.com\/product\/yoast-seo-wordpress\/ -->\n<title>Services - InoxQu\u00e9bec<\/title>\n<meta name=\"robots\" content=\"index, follow, max-snippet:-1, max-image-preview:large, max-video-preview:-1\" \/>\n<link rel=\"canonical\" href=\"https:\/\/inoxquebec.com\/en\/services\/\" \/>\n<meta property=\"og:locale\" content=\"en_US\" \/>\n<meta property=\"og:type\" content=\"article\" \/>\n<meta property=\"og:title\" content=\"Services - InoxQu\u00e9bec\" \/>\n<meta property=\"og:description\" content=\"Ensemble de nos offres de services Mobiliers Fabrication de qualit\u00e9 et sur mesure, en acier inoxydable, selon les sp\u00e9cifications requises et les normes exig\u00e9es. Gardes-corps et mains courantes Vous r\u00eavez d\u2019une rampe d\u2019escalier en acier inoxydable ou une main courante? Comptoirs et \u00e9viers Fabrication sur mesure de comptoirs en acier inoxydable, autant dans le r\u00e9sidentiel [&hellip;]\" \/>\n<meta property=\"og:url\" content=\"https:\/\/inoxquebec.com\/en\/services\/\" \/>\n<meta property=\"og:site_name\" content=\"InoxQu\u00e9bec\" \/>\n<meta property=\"article:publisher\" content=\"https:\/\/www.facebook.com\/Inox-Qubec-Inc-106352599121120?notif_id=1682974261695606&amp;notif_t=page_fan&amp;ref=notif\" \/>\n<meta property=\"article:modified_time\" content=\"2023-05-03T12:35:48+00:00\" \/>\n<meta property=\"og:image\" content=\"https:\/\/inoxquebec.com\/wp-content\/uploads\/2023\/04\/IMG_3500-scaled.jpg\" \/>\n\t<meta property=\"og:image:width\" content=\"2560\" \/>\n\t<meta property=\"og:image:height\" content=\"1920\" \/>\n\t<meta property=\"og:image:type\" content=\"image\/jpeg\" \/>\n<meta name=\"twitter:card\" content=\"summary_large_image\" \/>\n<meta name=\"twitter:label1\" content=\"Est. reading time\" \/>\n\t<meta name=\"twitter:data1\" content=\"2 minutes\" \/>\n<script type=\"application\/ld+json\" class=\"yoast-schema-graph\">{\"@context\":\"https:\\\/\\\/schema.org\",\"@graph\":[{\"@type\":\"WebPage\",\"@id\":\"https:\\\/\\\/inoxquebec.com\\\/en\\\/services\\\/\",\"url\":\"https:\\\/\\\/inoxquebec.com\\\/en\\\/services\\\/\",\"name\":\"Services - InoxQu\u00e9bec\",\"isPartOf\":{\"@id\":\"https:\\\/\\\/inoxquebec.com\\\/en\\\/#website\"},\"primaryImageOfPage\":{\"@id\":\"https:\\\/\\\/inoxquebec.com\\\/en\\\/services\\\/#primaryimage\"},\"image\":{\"@id\":\"https:\\\/\\\/inoxquebec.com\\\/en\\\/services\\\/#primaryimage\"},\"thumbnailUrl\":\"https:\\\/\\\/inoxquebec.com\\\/wp-content\\\/uploads\\\/2023\\\/04\\\/IMG_3500-scaled.jpg\",\"datePublished\":\"2021-10-14T23:50:42+00:00\",\"dateModified\":\"2023-05-03T12:35:48+00:00\",\"breadcrumb\":{\"@id\":\"https:\\\/\\\/inoxquebec.com\\\/en\\\/services\\\/#breadcrumb\"},\"inLanguage\":\"en-CA\",\"potentialAction\":[{\"@type\":\"ReadAction\",\"target\":[\"https:\\\/\\\/inoxquebec.com\\\/en\\\/services\\\/\"]}]},{\"@type\":\"ImageObject\",\"inLanguage\":\"en-CA\",\"@id\":\"https:\\\/\\\/inoxquebec.com\\\/en\\\/services\\\/#primaryimage\",\"url\":\"https:\\\/\\\/inoxquebec.com\\\/wp-content\\\/uploads\\\/2023\\\/04\\\/IMG_3500-scaled.jpg\",\"contentUrl\":\"https:\\\/\\\/inoxquebec.com\\\/wp-content\\\/uploads\\\/2023\\\/04\\\/IMG_3500-scaled.jpg\",\"width\":2560,\"height\":1920},{\"@type\":\"BreadcrumbList\",\"@id\":\"https:\\\/\\\/inoxquebec.com\\\/en\\\/services\\\/#breadcrumb\",\"itemListElement\":[{\"@type\":\"ListItem\",\"position\":1,\"name\":\"Home\",\"item\":\"https:\\\/\\\/inoxquebec.com\\\/\"},{\"@type\":\"ListItem\",\"position\":2,\"name\":\"Services\"}]},{\"@type\":\"WebSite\",\"@id\":\"https:\\\/\\\/inoxquebec.com\\\/en\\\/#website\",\"url\":\"https:\\\/\\\/inoxquebec.com\\\/en\\\/\",\"name\":\"InoxQu\u00e9bec\",\"description\":\"InoxQu\u00e9bec\",\"publisher\":{\"@id\":\"https:\\\/\\\/inoxquebec.com\\\/en\\\/#organization\"},\"potentialAction\":[{\"@type\":\"SearchAction\",\"target\":{\"@type\":\"EntryPoint\",\"urlTemplate\":\"https:\\\/\\\/inoxquebec.com\\\/en\\\/?s={search_term_string}\"},\"query-input\":{\"@type\":\"PropertyValueSpecification\",\"valueRequired\":true,\"valueName\":\"search_term_string\"}}],\"inLanguage\":\"en-CA\"},{\"@type\":\"Organization\",\"@id\":\"https:\\\/\\\/inoxquebec.com\\\/en\\\/#organization\",\"name\":\"InoxQu\u00e9bec\",\"url\":\"https:\\\/\\\/inoxquebec.com\\\/en\\\/\",\"logo\":{\"@type\":\"ImageObject\",\"inLanguage\":\"en-CA\",\"@id\":\"https:\\\/\\\/inoxquebec.com\\\/en\\\/#\\\/schema\\\/logo\\\/image\\\/\",\"url\":\"https:\\\/\\\/inoxquebec.com\\\/wp-content\\\/uploads\\\/2023\\\/04\\\/INOX-QC_logo_vfinal_complet_noir-transp.png\",\"contentUrl\":\"https:\\\/\\\/inoxquebec.com\\\/wp-content\\\/uploads\\\/2023\\\/04\\\/INOX-QC_logo_vfinal_complet_noir-transp.png\",\"width\":1890,\"height\":1074,\"caption\":\"InoxQu\u00e9bec\"},\"image\":{\"@id\":\"https:\\\/\\\/inoxquebec.com\\\/en\\\/#\\\/schema\\\/logo\\\/image\\\/\"},\"sameAs\":[\"https:\\\/\\\/www.facebook.com\\\/Inox-Qubec-Inc-106352599121120?notif_id=1682974261695606&notif_t=page_fan&ref=notif\"]}]}<\/script>\n<!-- \/ Yoast SEO plugin. -->","yoast_head_json":{"title":"Services - InoxQu\u00e9bec","robots":{"index":"index","follow":"follow","max-snippet":"max-snippet:-1","max-image-preview":"max-image-preview:large","max-video-preview":"max-video-preview:-1"},"canonical":"https:\/\/inoxquebec.com\/en\/services\/","og_locale":"en_US","og_type":"article","og_title":"Services - InoxQu\u00e9bec","og_description":"Ensemble de nos offres de services Mobiliers Fabrication de qualit\u00e9 et sur mesure, en acier inoxydable, selon les sp\u00e9cifications requises et les normes exig\u00e9es. Gardes-corps et mains courantes Vous r\u00eavez d\u2019une rampe d\u2019escalier en acier inoxydable ou une main courante? Comptoirs et \u00e9viers Fabrication sur mesure de comptoirs en acier inoxydable, autant dans le r\u00e9sidentiel [&hellip;]","og_url":"https:\/\/inoxquebec.com\/en\/services\/","og_site_name":"InoxQu\u00e9bec","article_publisher":"https:\/\/www.facebook.com\/Inox-Qubec-Inc-106352599121120?notif_id=1682974261695606&notif_t=page_fan&ref=notif","article_modified_time":"2023-05-03T12:35:48+00:00","og_image":[{"width":2560,"height":1920,"url":"https:\/\/inoxquebec.com\/wp-content\/uploads\/2023\/04\/IMG_3500-scaled.jpg","type":"image\/jpeg"}],"twitter_card":"summary_large_image","twitter_misc":{"Est. reading time":"2 minutes"},"schema":{"@context":"https:\/\/schema.org","@graph":[{"@type":"WebPage","@id":"https:\/\/inoxquebec.com\/en\/services\/","url":"https:\/\/inoxquebec.com\/en\/services\/","name":"Services - InoxQu\u00e9bec","isPartOf":{"@id":"https:\/\/inoxquebec.com\/en\/#website"},"primaryImageOfPage":{"@id":"https:\/\/inoxquebec.com\/en\/services\/#primaryimage"},"image":{"@id":"https:\/\/inoxquebec.com\/en\/services\/#primaryimage"},"thumbnailUrl":"https:\/\/inoxquebec.com\/wp-content\/uploads\/2023\/04\/IMG_3500-scaled.jpg","datePublished":"2021-10-14T23:50:42+00:00","dateModified":"2023-05-03T12:35:48+00:00","breadcrumb":{"@id":"https:\/\/inoxquebec.com\/en\/services\/#breadcrumb"},"inLanguage":"en-CA","potentialAction":[{"@type":"ReadAction","target":["https:\/\/inoxquebec.com\/en\/services\/"]}]},{"@type":"ImageObject","inLanguage":"en-CA","@id":"https:\/\/inoxquebec.com\/en\/services\/#primaryimage","url":"https:\/\/inoxquebec.com\/wp-content\/uploads\/2023\/04\/IMG_3500-scaled.jpg","contentUrl":"https:\/\/inoxquebec.com\/wp-content\/uploads\/2023\/04\/IMG_3500-scaled.jpg","width":2560,"height":1920},{"@type":"BreadcrumbList","@id":"https:\/\/inoxquebec.com\/en\/services\/#breadcrumb","itemListElement":[{"@type":"ListItem","position":1,"name":"Home","item":"https:\/\/inoxquebec.com\/"},{"@type":"ListItem","position":2,"name":"Services"}]},{"@type":"WebSite","@id":"https:\/\/inoxquebec.com\/en\/#website","url":"https:\/\/inoxquebec.com\/en\/","name":"InoxQu\u00e9bec","description":"InoxQu\u00e9bec","publisher":{"@id":"https:\/\/inoxquebec.com\/en\/#organization"},"potentialAction":[{"@type":"SearchAction","target":{"@type":"EntryPoint","urlTemplate":"https:\/\/inoxquebec.com\/en\/?s={search_term_string}"},"query-input":{"@type":"PropertyValueSpecification","valueRequired":true,"valueName":"search_term_string"}}],"inLanguage":"en-CA"},{"@type":"Organization","@id":"https:\/\/inoxquebec.com\/en\/#organization","name":"InoxQu\u00e9bec","url":"https:\/\/inoxquebec.com\/en\/","logo":{"@type":"ImageObject","inLanguage":"en-CA","@id":"https:\/\/inoxquebec.com\/en\/#\/schema\/logo\/image\/","url":"https:\/\/inoxquebec.com\/wp-content\/uploads\/2023\/04\/INOX-QC_logo_vfinal_complet_noir-transp.png","contentUrl":"https:\/\/inoxquebec.com\/wp-content\/uploads\/2023\/04\/INOX-QC_logo_vfinal_complet_noir-transp.png","width":1890,"height":1074,"caption":"InoxQu\u00e9bec"},"image":{"@id":"https:\/\/inoxquebec.com\/en\/#\/schema\/logo\/image\/"},"sameAs":["https:\/\/www.facebook.com\/Inox-Qubec-Inc-106352599121120?notif_id=1682974261695606&notif_t=page_fan&ref=notif"]}]}},"_links":{"self":[{"href":"https:\/\/inoxquebec.com\/en\/wp-json\/wp\/v2\/pages\/1208","targetHints":{"allow":["GET"]}}],"collection":[{"href":"https:\/\/inoxquebec.com\/en\/wp-json\/wp\/v2\/pages"}],"about":[{"href":"https:\/\/inoxquebec.com\/en\/wp-json\/wp\/v2\/types\/page"}],"author":[{"embeddable":true,"href":"https:\/\/inoxquebec.com\/en\/wp-json\/wp\/v2\/users\/1"}],"replies":[{"embeddable":true,"href":"https:\/\/inoxquebec.com\/en\/wp-json\/wp\/v2\/comments?post=1208"}],"version-history":[{"count":26,"href":"https:\/\/inoxquebec.com\/en\/wp-json\/wp\/v2\/pages\/1208\/revisions"}],"predecessor-version":[{"id":4420,"href":"https:\/\/inoxquebec.com\/en\/wp-json\/wp\/v2\/pages\/1208\/revisions\/4420"}],"wp:featuredmedia":[{"embeddable":true,"href":"https:\/\/inoxquebec.com\/en\/wp-json\/wp\/v2\/media\/3797"}],"wp:attachment":[{"href":"https:\/\/inoxquebec.com\/en\/wp-json\/wp\/v2\/media?parent=1208"}],"curies":[{"name":"wp","href":"https:\/\/api.w.org\/{rel}","templated":true}]}}