{"id":4677,"date":"2024-05-21T10:16:35","date_gmt":"2024-05-21T14:16:35","guid":{"rendered":"https:\/\/inoxquebec.com\/?page_id=4677"},"modified":"2024-05-21T10:20:02","modified_gmt":"2024-05-21T14:20:02","slug":"termes-et-conditions","status":"publish","type":"page","link":"https:\/\/inoxquebec.com\/en\/termes-et-conditions\/","title":{"rendered":"Terms &amp; conditions"},"content":{"rendered":"<div data-elementor-type=\"wp-page\" data-elementor-id=\"4677\" class=\"elementor elementor-4677\">\n\t\t\t\t\t\t<section class=\"elementor-section elementor-top-section elementor-element elementor-element-28a0779 elementor-section-boxed elementor-section-height-default elementor-section-height-default wpr-particle-no wpr-jarallax-no wpr-parallax-no wpr-sticky-section-no\" data-id=\"28a0779\" data-element_type=\"section\" data-e-type=\"section\">\n\t\t\t\t\t\t<div class=\"elementor-container elementor-column-gap-default\">\n\t\t\t\t\t<div class=\"elementor-column elementor-col-100 elementor-top-column elementor-element elementor-element-1ce969d\" data-id=\"1ce969d\" data-element_type=\"column\" data-e-type=\"column\">\n\t\t\t<div class=\"elementor-widget-wrap elementor-element-populated\">\n\t\t\t\t\t\t<div class=\"elementor-element elementor-element-a54135e elementor-widget elementor-widget-text-editor\" data-id=\"a54135e\" data-element_type=\"widget\" data-e-type=\"widget\" data-widget_type=\"text-editor.default\">\n\t\t\t\t<div class=\"elementor-widget-container\">\n\t\t\t\t\t\t\t\t\t<p><strong><u>RETURN POLICIES<\/u><\/strong><\/p><p>No returns and refunds will be accepted for merchandise ordered without prior authorization.<\/p><p>Shipping or handling fees are non-refundable.<\/p><p>All shipping costs will be borne by the customer.<\/p><p><strong><u>TERMS AND CONDITIONS OF USE<\/u><\/strong><\/p><p>Please carefully read the following terms and conditions, which bind you with the Merchant, the owner of the Site.<\/p><p>If you encounter any problems with an order, contact us as soon as possible at the following address: <a href=\"mailto:administration@inoxquebec.com\">administration@inoxquebec.com<\/a><\/p><p><strong><u>POLICIES, TERMS, AND CONDITIONS<\/u><\/strong><\/p><p><strong><u>TERMS AND CONDITIONS OF SALE<\/u><\/strong><\/p><p>By purchasing on the Inox Qu\u00e9bec Inc. online store, the customer agrees to abide by these terms of sale. Prices, special promotions, and products may change without notice.<\/p><p>It is the customer's responsibility to ensure the accuracy of all information entered on their order form. No order cancellation is possible once the order has been processed, and it is non-refundable.<\/p><p>The customer is obliged to inform themselves and comply with current standards and regulations. The customer must ensure they obtain the necessary permits, if applicable.<\/p><p><strong><u>SECURE PAYMENT METHOD<\/u><\/strong><\/p><p>Online purchases are made via the highly secure Paypal system.<\/p><p>The Paypal payment platform is a secure online payment site.<\/p><p>Accepted credit cards: Visa and MasterCard.<\/p><p>Once your order is placed, a payment confirmation will be sent to you by email.<\/p><p>Your banking information will never be disclosed to us. For more information about Paypal, visit their website at the following address: <a href=\"https:\/\/www.paypal.com\/\">https:\/\/www.paypal.com<\/a><\/p><p>Please note that billing is done in Canadian dollars.<\/p><p><strong><u>DELIVERY AND PICKUP POLICIES<\/u><\/strong><\/p><p>Pick up your order in-store or delivery is possible at your expense. Shipping costs will be calculated automatically based on your address. If additional fees are charged due to a condition not initially mentioned, these fees will be the buyer's responsibility.<\/p><p>Once all your products are ready for pickup, we will notify you. When picking up, present a copy of your order confirmation at 764 Joseph-Louis-Mathieu, Sherbrooke, J1R 0X3. Your order must be picked up within 10 business days once the notification is sent confirming that the order is ready. After 10 business days, it will be automatically canceled and refunded. A 10% handling fee will be applied.<\/p><p>Shipping hours are Monday to Thursday, from 8:00 AM to noon and from 1:00 PM to 4:00 PM, and Friday from 8:00 AM to 11:30 AM. Hours may be modified and vary depending on the time of year.<\/p><p>Your order will be processed within a reasonable time after receipt of the order. The time frame may vary depending on product availability.<\/p><p>Rest assured that every effort will be made to respect a reasonable timeframe for shipping your merchandise. However, due to several factors beyond our control, some delays and unforeseen circumstances may occur. No compensation will be granted.<\/p><p><strong><u>PRIVACY POLICY<\/u><\/strong><\/p><p>Your personal information (name, address, postal code, email, phone number) will always be kept confidential and used only by Inox Qu\u00e9bec Inc., as privacy is paramount for our company.<\/p><p>Our customers have always been important, and we strive to maintain their loyalty.<\/p><p>Thank you for your trust.<\/p><p><strong><u>NOTICE<\/u><\/strong><\/p><p>The company name Inox Qu\u00e9bec Inc., the logo, and all services are the property of Inox Qu\u00e9bec Inc. and its owner.<\/p><p>The photos, logos, design, texts, and content on the website, online store, or our Facebook page are the intellectual property of Inox Qu\u00e9bec Inc., and they cannot be used without permission or written consent from the owner.<\/p><p>No plagiarism will be tolerated, under penalty of prosecution.<\/p><p>Any obscene behavior, use of \"spam,\" voluntary transmission of viruses, and defamatory content are strictly prohibited on this site. Otherwise, the offender will be obliged to compensate Inox Qu\u00e9bec Inc. and its owner for damages resulting from their inappropriate use of the website and online store.<\/p><p>Inox Qu\u00e9bec Inc. and its owner are not responsible for damages related to the use of this site.<\/p><p>Inox Qu\u00e9bec Inc. offers a limited warranty whereby the products on the site are provided \"as is,\" according to their availability, without any legal warranty. No compensation will be granted.<\/p><p>Inox Qu\u00e9bec Inc. reserves the right to disclaim responsibility for the information mentioned, the inability to use the site, or the loss or alteration of data. No compensation will be granted.<\/p><p>If you have any comments or questions about the online store or our products, do not hesitate to contact us at 819-563-5543.<\/p>\t\t\t\t\t\t\t\t<\/div>\n\t\t\t\t<\/div>\n\t\t\t\t\t<\/div>\n\t\t<\/div>\n\t\t\t\t\t<\/div>\n\t\t<\/section>\n\t\t\t\t<\/div>","protected":false},"excerpt":{"rendered":"<p>POLITIQUES DE RETOUR Aucun retour et remboursement ne seront accept\u00e9s sur la marchandise command\u00e9e sans autorisation pr\u00e9alable. Les frais d\u2019exp\u00e9dition ou de manutention ne sont pas remboursables. Tous les frais d\u2019exp\u00e9dition seront \u00e0 la charge du client. TERMES ET CONDITIONS D\u2019UTILISATION Nous vous prions de bien vouloir prendre attentivement connaissance des termes et conditions qui [&hellip;]<\/p>\n","protected":false},"author":1,"featured_media":0,"parent":0,"menu_order":0,"comment_status":"closed","ping_status":"closed","template":"","meta":{"footnotes":""},"class_list":["post-4677","page","type-page","status-publish","hentry"],"acf":[],"yoast_head":"<!-- This site is optimized with the Yoast SEO plugin v27.4 - https:\/\/yoast.com\/product\/yoast-seo-wordpress\/ -->\n<title>Termes et conditions - InoxQu\u00e9bec<\/title>\n<meta name=\"robots\" content=\"index, follow, max-snippet:-1, max-image-preview:large, max-video-preview:-1\" \/>\n<link rel=\"canonical\" href=\"https:\/\/inoxquebec.com\/en\/termes-et-conditions\/\" \/>\n<meta property=\"og:locale\" content=\"en_US\" \/>\n<meta property=\"og:type\" content=\"article\" \/>\n<meta property=\"og:title\" content=\"Termes et conditions - InoxQu\u00e9bec\" \/>\n<meta property=\"og:description\" content=\"POLITIQUES DE RETOUR Aucun retour et remboursement ne seront accept\u00e9s sur la marchandise command\u00e9e sans autorisation pr\u00e9alable. Les frais d\u2019exp\u00e9dition ou de manutention ne sont pas remboursables. Tous les frais d\u2019exp\u00e9dition seront \u00e0 la charge du client. TERMES ET CONDITIONS D\u2019UTILISATION Nous vous prions de bien vouloir prendre attentivement connaissance des termes et conditions qui [&hellip;]\" \/>\n<meta property=\"og:url\" content=\"https:\/\/inoxquebec.com\/en\/termes-et-conditions\/\" \/>\n<meta property=\"og:site_name\" content=\"InoxQu\u00e9bec\" \/>\n<meta property=\"article:publisher\" content=\"https:\/\/www.facebook.com\/Inox-Qubec-Inc-106352599121120?notif_id=1682974261695606&amp;notif_t=page_fan&amp;ref=notif\" \/>\n<meta property=\"article:modified_time\" content=\"2024-05-21T14:20:02+00:00\" \/>\n<meta name=\"twitter:card\" content=\"summary_large_image\" \/>\n<meta name=\"twitter:label1\" content=\"Est. reading time\" \/>\n\t<meta name=\"twitter:data1\" content=\"5 minutes\" \/>\n<script type=\"application\/ld+json\" class=\"yoast-schema-graph\">{\"@context\":\"https:\\\/\\\/schema.org\",\"@graph\":[{\"@type\":\"WebPage\",\"@id\":\"https:\\\/\\\/inoxquebec.com\\\/en\\\/termes-et-conditions\\\/\",\"url\":\"https:\\\/\\\/inoxquebec.com\\\/en\\\/termes-et-conditions\\\/\",\"name\":\"Termes et conditions - InoxQu\u00e9bec\",\"isPartOf\":{\"@id\":\"https:\\\/\\\/inoxquebec.com\\\/en\\\/#website\"},\"datePublished\":\"2024-05-21T14:16:35+00:00\",\"dateModified\":\"2024-05-21T14:20:02+00:00\",\"breadcrumb\":{\"@id\":\"https:\\\/\\\/inoxquebec.com\\\/en\\\/termes-et-conditions\\\/#breadcrumb\"},\"inLanguage\":\"en-CA\",\"potentialAction\":[{\"@type\":\"ReadAction\",\"target\":[\"https:\\\/\\\/inoxquebec.com\\\/en\\\/termes-et-conditions\\\/\"]}]},{\"@type\":\"BreadcrumbList\",\"@id\":\"https:\\\/\\\/inoxquebec.com\\\/en\\\/termes-et-conditions\\\/#breadcrumb\",\"itemListElement\":[{\"@type\":\"ListItem\",\"position\":1,\"name\":\"Home\",\"item\":\"https:\\\/\\\/inoxquebec.com\\\/\"},{\"@type\":\"ListItem\",\"position\":2,\"name\":\"Termes et conditions\"}]},{\"@type\":\"WebSite\",\"@id\":\"https:\\\/\\\/inoxquebec.com\\\/en\\\/#website\",\"url\":\"https:\\\/\\\/inoxquebec.com\\\/en\\\/\",\"name\":\"InoxQu\u00e9bec\",\"description\":\"InoxQu\u00e9bec\",\"publisher\":{\"@id\":\"https:\\\/\\\/inoxquebec.com\\\/en\\\/#organization\"},\"potentialAction\":[{\"@type\":\"SearchAction\",\"target\":{\"@type\":\"EntryPoint\",\"urlTemplate\":\"https:\\\/\\\/inoxquebec.com\\\/en\\\/?s={search_term_string}\"},\"query-input\":{\"@type\":\"PropertyValueSpecification\",\"valueRequired\":true,\"valueName\":\"search_term_string\"}}],\"inLanguage\":\"en-CA\"},{\"@type\":\"Organization\",\"@id\":\"https:\\\/\\\/inoxquebec.com\\\/en\\\/#organization\",\"name\":\"InoxQu\u00e9bec\",\"url\":\"https:\\\/\\\/inoxquebec.com\\\/en\\\/\",\"logo\":{\"@type\":\"ImageObject\",\"inLanguage\":\"en-CA\",\"@id\":\"https:\\\/\\\/inoxquebec.com\\\/en\\\/#\\\/schema\\\/logo\\\/image\\\/\",\"url\":\"https:\\\/\\\/inoxquebec.com\\\/wp-content\\\/uploads\\\/2023\\\/04\\\/INOX-QC_logo_vfinal_complet_noir-transp.png\",\"contentUrl\":\"https:\\\/\\\/inoxquebec.com\\\/wp-content\\\/uploads\\\/2023\\\/04\\\/INOX-QC_logo_vfinal_complet_noir-transp.png\",\"width\":1890,\"height\":1074,\"caption\":\"InoxQu\u00e9bec\"},\"image\":{\"@id\":\"https:\\\/\\\/inoxquebec.com\\\/en\\\/#\\\/schema\\\/logo\\\/image\\\/\"},\"sameAs\":[\"https:\\\/\\\/www.facebook.com\\\/Inox-Qubec-Inc-106352599121120?notif_id=1682974261695606&notif_t=page_fan&ref=notif\"]}]}<\/script>\n<!-- \/ Yoast SEO plugin. -->","yoast_head_json":{"title":"Termes et conditions - InoxQu\u00e9bec","robots":{"index":"index","follow":"follow","max-snippet":"max-snippet:-1","max-image-preview":"max-image-preview:large","max-video-preview":"max-video-preview:-1"},"canonical":"https:\/\/inoxquebec.com\/en\/termes-et-conditions\/","og_locale":"en_US","og_type":"article","og_title":"Termes et conditions - InoxQu\u00e9bec","og_description":"POLITIQUES DE RETOUR Aucun retour et remboursement ne seront accept\u00e9s sur la marchandise command\u00e9e sans autorisation pr\u00e9alable. Les frais d\u2019exp\u00e9dition ou de manutention ne sont pas remboursables. Tous les frais d\u2019exp\u00e9dition seront \u00e0 la charge du client. TERMES ET CONDITIONS D\u2019UTILISATION Nous vous prions de bien vouloir prendre attentivement connaissance des termes et conditions qui [&hellip;]","og_url":"https:\/\/inoxquebec.com\/en\/termes-et-conditions\/","og_site_name":"InoxQu\u00e9bec","article_publisher":"https:\/\/www.facebook.com\/Inox-Qubec-Inc-106352599121120?notif_id=1682974261695606&notif_t=page_fan&ref=notif","article_modified_time":"2024-05-21T14:20:02+00:00","twitter_card":"summary_large_image","twitter_misc":{"Est. reading time":"5 minutes"},"schema":{"@context":"https:\/\/schema.org","@graph":[{"@type":"WebPage","@id":"https:\/\/inoxquebec.com\/en\/termes-et-conditions\/","url":"https:\/\/inoxquebec.com\/en\/termes-et-conditions\/","name":"Termes et conditions - InoxQu\u00e9bec","isPartOf":{"@id":"https:\/\/inoxquebec.com\/en\/#website"},"datePublished":"2024-05-21T14:16:35+00:00","dateModified":"2024-05-21T14:20:02+00:00","breadcrumb":{"@id":"https:\/\/inoxquebec.com\/en\/termes-et-conditions\/#breadcrumb"},"inLanguage":"en-CA","potentialAction":[{"@type":"ReadAction","target":["https:\/\/inoxquebec.com\/en\/termes-et-conditions\/"]}]},{"@type":"BreadcrumbList","@id":"https:\/\/inoxquebec.com\/en\/termes-et-conditions\/#breadcrumb","itemListElement":[{"@type":"ListItem","position":1,"name":"Home","item":"https:\/\/inoxquebec.com\/"},{"@type":"ListItem","position":2,"name":"Termes et conditions"}]},{"@type":"WebSite","@id":"https:\/\/inoxquebec.com\/en\/#website","url":"https:\/\/inoxquebec.com\/en\/","name":"InoxQu\u00e9bec","description":"InoxQu\u00e9bec","publisher":{"@id":"https:\/\/inoxquebec.com\/en\/#organization"},"potentialAction":[{"@type":"SearchAction","target":{"@type":"EntryPoint","urlTemplate":"https:\/\/inoxquebec.com\/en\/?s={search_term_string}"},"query-input":{"@type":"PropertyValueSpecification","valueRequired":true,"valueName":"search_term_string"}}],"inLanguage":"en-CA"},{"@type":"Organization","@id":"https:\/\/inoxquebec.com\/en\/#organization","name":"InoxQu\u00e9bec","url":"https:\/\/inoxquebec.com\/en\/","logo":{"@type":"ImageObject","inLanguage":"en-CA","@id":"https:\/\/inoxquebec.com\/en\/#\/schema\/logo\/image\/","url":"https:\/\/inoxquebec.com\/wp-content\/uploads\/2023\/04\/INOX-QC_logo_vfinal_complet_noir-transp.png","contentUrl":"https:\/\/inoxquebec.com\/wp-content\/uploads\/2023\/04\/INOX-QC_logo_vfinal_complet_noir-transp.png","width":1890,"height":1074,"caption":"InoxQu\u00e9bec"},"image":{"@id":"https:\/\/inoxquebec.com\/en\/#\/schema\/logo\/image\/"},"sameAs":["https:\/\/www.facebook.com\/Inox-Qubec-Inc-106352599121120?notif_id=1682974261695606&notif_t=page_fan&ref=notif"]}]}},"_links":{"self":[{"href":"https:\/\/inoxquebec.com\/en\/wp-json\/wp\/v2\/pages\/4677","targetHints":{"allow":["GET"]}}],"collection":[{"href":"https:\/\/inoxquebec.com\/en\/wp-json\/wp\/v2\/pages"}],"about":[{"href":"https:\/\/inoxquebec.com\/en\/wp-json\/wp\/v2\/types\/page"}],"author":[{"embeddable":true,"href":"https:\/\/inoxquebec.com\/en\/wp-json\/wp\/v2\/users\/1"}],"replies":[{"embeddable":true,"href":"https:\/\/inoxquebec.com\/en\/wp-json\/wp\/v2\/comments?post=4677"}],"version-history":[{"count":4,"href":"https:\/\/inoxquebec.com\/en\/wp-json\/wp\/v2\/pages\/4677\/revisions"}],"predecessor-version":[{"id":4682,"href":"https:\/\/inoxquebec.com\/en\/wp-json\/wp\/v2\/pages\/4677\/revisions\/4682"}],"wp:attachment":[{"href":"https:\/\/inoxquebec.com\/en\/wp-json\/wp\/v2\/media?parent=4677"}],"curies":[{"name":"wp","href":"https:\/\/api.w.org\/{rel}","templated":true}]}}